{"id":57,"date":"2019-10-10T22:28:10","date_gmt":"2019-10-10T20:28:10","guid":{"rendered":"http:\/\/osteotherapies.com\/home\/"},"modified":"2026-05-04T13:23:24","modified_gmt":"2026-05-04T11:23:24","slug":"home","status":"publish","type":"page","link":"https:\/\/osteotherapies.com\/en\/","title":{"rendered":"Home"},"content":{"rendered":"\t\t<div data-elementor-type=\"wp-page\" data-elementor-id=\"57\" class=\"elementor elementor-57\" data-elementor-settings=\"[]\">\n\t\t\t\t\t\t\t<div class=\"elementor-section-wrap\">\n\t\t\t\t\t\t\t<section class=\"elementor-section elementor-top-section elementor-element elementor-element-20dcdf82 elementor-section-full_width elementor-section-height-default elementor-section-height-default\" data-id=\"20dcdf82\" data-element_type=\"section\">\n\t\t\t\t\t\t<div class=\"elementor-container elementor-column-gap-no\">\n\t\t\t\t\t<div class=\"elementor-column elementor-col-100 elementor-top-column elementor-element elementor-element-7379307d\" data-id=\"7379307d\" data-element_type=\"column\">\n\t\t\t<div class=\"elementor-widget-wrap elementor-element-populated\">\n\t\t\t\t\t\t\t\t<div class=\"elementor-element elementor-element-4a8e9cf7 elementor-widget elementor-widget-text-editor\" data-id=\"4a8e9cf7\" data-element_type=\"widget\" data-widget_type=\"text-editor.default\">\n\t\t\t\t<div class=\"elementor-widget-container\">\n\t\t\t\t\t\t\t\n  <div class=\"banner has-hover\" id=\"banner-1473720688\">\n          <div class=\"banner-inner fill\">\n        <div class=\"banner-bg fill\" >\n            <div class=\"bg fill bg-fill \"><\/div>\n                        <div class=\"overlay\"><\/div>            \n                    <\/div><!-- bg-layers -->\n        <div class=\"banner-layers container\">\n            <div class=\"fill banner-link\"><\/div>               <div id=\"text-box-2085520683\" class=\"text-box banner-layer x50 md-x50 lg-x50 y95 md-y95 lg-y95 res-text\">\n                                <div class=\"text dark\">\n              \n              <div class=\"text-inner text-center\">\n                  <h3 style=\"text-align: left;\"><b> OSTHEOPATHY <\/b><\/h3><h3 style=\"text-align: left;\"><b>&amp; WELLNESS CENTER<\/b><\/h3><h3 style=\"text-align: left;\"><strong>BOZEL<\/strong><\/h3><div class=\"gap-element clearfix\" style=\"display:block; height:auto; padding-top:60px\"><\/div><div class=\"gap-element clearfix\" style=\"display:block; height:auto; padding-top:30px\"><\/div><div class=\"row row-collapse align-equal\"  id=\"row-1183476932\"><div class=\"col medium-4 small-12 large-4\"  ><div class=\"col-inner\" style=\"background-color:rgba(81, 142, 170, 0.4);padding:10px 10px 10px 10px;\" >\n\t\t<div class=\"icon-box featured-box icon-box-left text-left\"  >\n\t\t\t\t<div class=\"icon-box-text last-reset\">\n\t\t\t\t\t\t\t\t\t<h3>OUR CENTER<\/h3><p>14 rue de l\u2019\u00e9glise<\/p><p>Bozel Center<\/p>\t\t<\/div>\n\t<\/div><!-- .icon-box -->\n\t\n\t<\/div><\/div><div class=\"col medium-4 small-12 large-4\"  ><div class=\"col-inner\" style=\"background-color:rgba(81, 142, 170, 0.7);padding:10px 10px 10px 10px;\" >\n\t\t<div class=\"icon-box featured-box icon-box-left text-left\"  >\n\t\t\t\t<div class=\"icon-box-text last-reset\">\n\t\t\t\t\t\t\t\t\t<h3>OPENING HOURS<\/h3><p>On Appointment<\/p><p>From Monday to Sunday<\/p>\t\t<\/div>\n\t<\/div><!-- .icon-box -->\n\t\n\t<\/div><\/div><div class=\"col medium-4 small-12 large-4\"  ><div class=\"col-inner\" style=\"background-color:rgba(81, 142, 170, 0.9);padding:10px 10px 10px 10px;\" ><h3 style=\"text-align: left;\">CONTACT US<\/h3>\n\t\t<div class=\"icon-box featured-box icon-box-left text-left\"  >\n\t\t\t\t\t<div class=\"icon-box-img\" style=\"width: 24px\">\n\t\t\t\t<div class=\"icon\">\n\t\t\t\t\t<div class=\"icon-inner\" >\n\t\t\t\t\t\t<img width=\"263\" height=\"300\" src=\"https:\/\/osteotherapies.com\/wp-content\/uploads\/2019\/10\/envelope-square-solid-263x300.png\" class=\"attachment-medium size-medium\" alt=\"\" loading=\"lazy\" srcset=\"https:\/\/osteotherapies.com\/wp-content\/uploads\/2019\/10\/envelope-square-solid-263x300.png 263w, https:\/\/osteotherapies.com\/wp-content\/uploads\/2019\/10\/envelope-square-solid.png 448w\" sizes=\"(max-width: 263px) 100vw, 263px\" \/>\t\t\t\t\t<\/div>\n\t\t\t\t<\/div>\n\t\t\t<\/div>\n\t\t\t\t<div class=\"icon-box-text last-reset\">\n\t\t\t\t\t\t\t\t\t<p><a class=\"\" href=\"mailto:contact@osteotherapies.com\">contact@osteotherapies.com<\/a><\/p>\t\t<\/div>\n\t<\/div><!-- .icon-box -->\n\t\n\t<\/div><\/div>\n<style scope=\"scope\">\n\n<\/style>\n<\/div>              <\/div>\n           <\/div><!-- text-box-inner -->\n                            \n<style scope=\"scope\">\n\n#text-box-2085520683 {\n  width: 100%;\n}\n#text-box-2085520683 .text {\n  font-size: 100%;\n}\n<\/style>\n    <\/div><!-- text-box -->\n         <\/div><!-- .banner-layers -->\n      <\/div><!-- .banner-inner -->\n\n            \n<style scope=\"scope\">\n\n#banner-1473720688 {\n  padding-top: 850px;\n}\n#banner-1473720688 .bg.bg-loaded {\n  background-image: url(https:\/\/osteotherapies.com\/wp-content\/uploads\/2019\/10\/Depositphotos_38985973_l-2015-1024x683.jpg);\n}\n#banner-1473720688 .overlay {\n  background-color: rgba(0, 0, 0, 0.2);\n}\n#banner-1473720688 .bg {\n  background-position: 51% 0%;\n}\n<\/style>\n  <\/div><!-- .banner -->\n\n\t<section class=\"section\" id=\"section_1476485163\">\n\t\t<div class=\"bg section-bg fill bg-fill  bg-loaded\" >\n\n\t\t\t\n\t\t\t\n\t\t\t\n\n\t\t<\/div><!-- .section-bg -->\n\n\t\t<div class=\"section-content relative\">\n\t\t\t\t\t<\/div><!-- .section-content -->\n\n\t\t\n<style scope=\"scope\">\n\n#section_1476485163 {\n  padding-top: 30px;\n  padding-bottom: 30px;\n}\n<\/style>\n\t<\/section>\n\t<p>\u00a0<\/p>\t\t\t\t\t\t<\/div>\n\t\t\t\t<\/div>\n\t\t\t\t\t<\/div>\n\t\t<\/div>\n\t\t\t\t\t\t\t<\/div>\n\t\t<\/section>\n\t\t\t\t<section class=\"elementor-section elementor-top-section elementor-element elementor-element-33caa381 elementor-section-full_width elementor-section-height-default elementor-section-height-default\" data-id=\"33caa381\" data-element_type=\"section\">\n\t\t\t\t\t\t<div class=\"elementor-container elementor-column-gap-no\">\n\t\t\t\t\t<div class=\"elementor-column elementor-col-100 elementor-top-column elementor-element elementor-element-637ea37e\" data-id=\"637ea37e\" data-element_type=\"column\">\n\t\t\t<div class=\"elementor-widget-wrap elementor-element-populated\">\n\t\t\t\t\t\t\t\t<div class=\"elementor-element elementor-element-41ab8580 elementor-widget elementor-widget-menu-anchor\" data-id=\"41ab8580\" data-element_type=\"widget\" data-widget_type=\"menu-anchor.default\">\n\t\t\t\t<div class=\"elementor-widget-container\">\n\t\t\t\t\t<div id=\"cabinet\" class=\"elementor-menu-anchor\"><\/div>\n\t\t\t\t<\/div>\n\t\t\t\t<\/div>\n\t\t\t\t<section class=\"elementor-section elementor-inner-section elementor-element elementor-element-59a7af68 elementor-section-boxed elementor-section-height-default elementor-section-height-default\" data-id=\"59a7af68\" data-element_type=\"section\">\n\t\t\t\t\t\t<div class=\"elementor-container elementor-column-gap-default\">\n\t\t\t\t\t<div class=\"elementor-column elementor-col-50 elementor-inner-column elementor-element elementor-element-4787bf61\" data-id=\"4787bf61\" data-element_type=\"column\">\n\t\t\t<div class=\"elementor-widget-wrap elementor-element-populated\">\n\t\t\t\t\t\t\t\t<div class=\"elementor-element elementor-element-34ad5c2e elementor-widget elementor-widget-heading\" data-id=\"34ad5c2e\" data-element_type=\"widget\" data-widget_type=\"heading.default\">\n\t\t\t\t<div class=\"elementor-widget-container\">\n\t\t\t<h2 class=\"elementor-heading-title elementor-size-default\">Our center :<\/h2>\t\t<\/div>\n\t\t\t\t<\/div>\n\t\t\t\t\t<\/div>\n\t\t<\/div>\n\t\t\t\t<div class=\"elementor-column elementor-col-50 elementor-inner-column elementor-element elementor-element-6d95bac6\" data-id=\"6d95bac6\" data-element_type=\"column\">\n\t\t\t<div class=\"elementor-widget-wrap\">\n\t\t\t\t\t\t\t\t\t<\/div>\n\t\t<\/div>\n\t\t\t\t\t\t\t<\/div>\n\t\t<\/section>\n\t\t\t\t<section class=\"elementor-section elementor-inner-section elementor-element elementor-element-6872b04f elementor-section-boxed elementor-section-height-default elementor-section-height-default\" data-id=\"6872b04f\" data-element_type=\"section\">\n\t\t\t\t\t\t<div class=\"elementor-container elementor-column-gap-default\">\n\t\t\t\t\t<div class=\"elementor-column elementor-col-50 elementor-inner-column elementor-element elementor-element-1115d5f6\" data-id=\"1115d5f6\" data-element_type=\"column\">\n\t\t\t<div class=\"elementor-widget-wrap elementor-element-populated\">\n\t\t\t\t\t\t\t\t<div class=\"elementor-element elementor-element-589f1908 elementor-widget elementor-widget-image\" data-id=\"589f1908\" data-element_type=\"widget\" data-widget_type=\"image.default\">\n\t\t\t\t<div class=\"elementor-widget-container\">\n\t\t\t\t\t\t\t\t\t\t\t\t\t\t\t<img width=\"640\" height=\"427\" src=\"https:\/\/osteotherapies.com\/wp-content\/uploads\/2020\/08\/DCB318F5-A739-4E2C-A6AA-469E75468176.jpeg\" class=\"attachment-large size-large\" alt=\"\" loading=\"lazy\" srcset=\"https:\/\/osteotherapies.com\/wp-content\/uploads\/2020\/08\/DCB318F5-A739-4E2C-A6AA-469E75468176.jpeg 640w, https:\/\/osteotherapies.com\/wp-content\/uploads\/2020\/08\/DCB318F5-A739-4E2C-A6AA-469E75468176-300x200.jpeg 300w\" sizes=\"(max-width: 640px) 100vw, 640px\" \/>\t\t\t\t\t\t\t\t\t\t\t\t\t\t\t<\/div>\n\t\t\t\t<\/div>\n\t\t\t\t\t<\/div>\n\t\t<\/div>\n\t\t\t\t<div class=\"elementor-column elementor-col-50 elementor-inner-column elementor-element elementor-element-d6536a3\" data-id=\"d6536a3\" data-element_type=\"column\">\n\t\t\t<div class=\"elementor-widget-wrap elementor-element-populated\">\n\t\t\t\t\t\t\t\t<div class=\"elementor-element elementor-element-4e84b8d9 elementor-widget elementor-widget-text-editor\" data-id=\"4e84b8d9\" data-element_type=\"widget\" data-widget_type=\"text-editor.default\">\n\t\t\t\t<div class=\"elementor-widget-container\">\n\t\t\t\t\t\t\t<p><strong>A wellness center open every day all year around in Bozel<\/strong><\/p><p>Our wellness centre aims to provide the community with a safe and nuturing environement in which to heal yourself and find your way to optimum health and wellness.<\/p><p>Our team allows for a multidiciplinary approach to achieving your goals and includes two osteopaths , a<span class=\"Apple-converted-space\">\u00a0 <\/span>reflexologist , and<span class=\"Apple-converted-space\">\u00a0 <\/span>ponctual other holistic therapeuth.<\/p>\t\t\t\t\t\t<\/div>\n\t\t\t\t<\/div>\n\t\t\t\t\t<\/div>\n\t\t<\/div>\n\t\t\t\t\t\t\t<\/div>\n\t\t<\/section>\n\t\t\t\t<section class=\"elementor-section elementor-inner-section elementor-element elementor-element-4a64403d elementor-section-boxed elementor-section-height-default elementor-section-height-default\" data-id=\"4a64403d\" data-element_type=\"section\">\n\t\t\t\t\t\t<div class=\"elementor-container elementor-column-gap-default\">\n\t\t\t\t\t<div class=\"elementor-column elementor-col-50 elementor-inner-column elementor-element elementor-element-76454515\" data-id=\"76454515\" data-element_type=\"column\">\n\t\t\t<div class=\"elementor-widget-wrap elementor-element-populated\">\n\t\t\t\t\t\t\t\t<div class=\"elementor-element elementor-element-2afa2d46 elementor-widget elementor-widget-heading\" data-id=\"2afa2d46\" data-element_type=\"widget\" data-widget_type=\"heading.default\">\n\t\t\t\t<div class=\"elementor-widget-container\">\n\t\t\t<h2 class=\"elementor-heading-title elementor-size-default\">OUR THERAPISTS :<\/h2>\t\t<\/div>\n\t\t\t\t<\/div>\n\t\t\t\t\t<\/div>\n\t\t<\/div>\n\t\t\t\t<div class=\"elementor-column elementor-col-50 elementor-inner-column elementor-element elementor-element-15ef3234\" data-id=\"15ef3234\" data-element_type=\"column\">\n\t\t\t<div class=\"elementor-widget-wrap\">\n\t\t\t\t\t\t\t\t\t<\/div>\n\t\t<\/div>\n\t\t\t\t\t\t\t<\/div>\n\t\t<\/section>\n\t\t\t\t\t<\/div>\n\t\t<\/div>\n\t\t\t\t\t\t\t<\/div>\n\t\t<\/section>\n\t\t\t\t<section class=\"elementor-section elementor-inner-section elementor-element elementor-element-3aaaeb39 elementor-section-boxed elementor-section-height-default elementor-section-height-default\" data-id=\"3aaaeb39\" data-element_type=\"section\">\n\t\t\t\t\t\t<div class=\"elementor-container elementor-column-gap-default\">\n\t\t\t\t\t<div class=\"elementor-column elementor-col-50 elementor-inner-column elementor-element elementor-element-4cd55642\" data-id=\"4cd55642\" data-element_type=\"column\">\n\t\t\t<div class=\"elementor-widget-wrap elementor-element-populated\">\n\t\t\t\t\t\t\t\t<div class=\"elementor-element elementor-element-ecf6ae elementor-widget elementor-widget-image\" data-id=\"ecf6ae\" data-element_type=\"widget\" data-widget_type=\"image.default\">\n\t\t\t\t<div class=\"elementor-widget-container\">\n\t\t\t\t\t\t\t\t\t\t\t\t\t\t\t<img width=\"1020\" height=\"765\" src=\"https:\/\/osteotherapies.com\/wp-content\/uploads\/2024\/05\/5a93cc52-59dd-452b-b32c-86cbc815686a-1024x768.jpg\" class=\"attachment-large size-large\" alt=\"\" loading=\"lazy\" srcset=\"https:\/\/osteotherapies.com\/wp-content\/uploads\/2024\/05\/5a93cc52-59dd-452b-b32c-86cbc815686a-1024x768.jpg 1024w, https:\/\/osteotherapies.com\/wp-content\/uploads\/2024\/05\/5a93cc52-59dd-452b-b32c-86cbc815686a-300x225.jpg 300w, https:\/\/osteotherapies.com\/wp-content\/uploads\/2024\/05\/5a93cc52-59dd-452b-b32c-86cbc815686a-768x576.jpg 768w, https:\/\/osteotherapies.com\/wp-content\/uploads\/2024\/05\/5a93cc52-59dd-452b-b32c-86cbc815686a-1536x1153.jpg 1536w, https:\/\/osteotherapies.com\/wp-content\/uploads\/2024\/05\/5a93cc52-59dd-452b-b32c-86cbc815686a.jpg 1599w\" sizes=\"(max-width: 1020px) 100vw, 1020px\" \/>\t\t\t\t\t\t\t\t\t\t\t\t\t\t\t<\/div>\n\t\t\t\t<\/div>\n\t\t\t\t<div class=\"elementor-element elementor-element-1fe09446 elementor-align-center elementor-icon-list--layout-traditional elementor-list-item-link-full_width elementor-widget elementor-widget-icon-list\" data-id=\"1fe09446\" data-element_type=\"widget\" data-widget_type=\"icon-list.default\">\n\t\t\t\t<div class=\"elementor-widget-container\">\n\t\t\t\t\t<ul class=\"elementor-icon-list-items\">\n\t\t\t\t\t\t\t<li class=\"elementor-icon-list-item\">\n\t\t\t\t\t\t\t\t\t\t<span class=\"elementor-icon-list-text\"><b>Aur\u00e9lia Chr\u00e9tien Pom\u00e8s <\/b><br><b>Ost\u00e9opathe<\/b><\/span>\n\t\t\t\t\t\t\t\t\t<\/li>\n\t\t\t\t\t\t\t\t<li class=\"elementor-icon-list-item\">\n\t\t\t\t\t\t\t\t\t\t\t<span class=\"elementor-icon-list-icon\">\n\t\t\t\t\t\t\t<i aria-hidden=\"true\" class=\"fas fa-phone\"><\/i>\t\t\t\t\t\t<\/span>\n\t\t\t\t\t\t\t\t\t\t<span class=\"elementor-icon-list-text\">06 10 90 76 78<\/span>\n\t\t\t\t\t\t\t\t\t<\/li>\n\t\t\t\t\t\t\t\t<li class=\"elementor-icon-list-item\">\n\t\t\t\t\t\t\t\t\t\t\t<a href=\"https:\/\/aurelia-chretien-osteopathe.fr\" target=\"_blank\">\n\n\t\t\t\t\t\t\t\t\t\t\t\t<span class=\"elementor-icon-list-icon\">\n\t\t\t\t\t\t\t<i aria-hidden=\"true\" class=\"fas fa-link\"><\/i>\t\t\t\t\t\t<\/span>\n\t\t\t\t\t\t\t\t\t\t<span class=\"elementor-icon-list-text\">https:\/\/aurelia-chretien-osteopathe.fr<\/span>\n\t\t\t\t\t\t\t\t\t\t\t<\/a>\n\t\t\t\t\t\t\t\t\t<\/li>\n\t\t\t\t\t\t<\/ul>\n\t\t\t\t<\/div>\n\t\t\t\t<\/div>\n\t\t\t\t\t<\/div>\n\t\t<\/div>\n\t\t\t\t<div class=\"elementor-column elementor-col-50 elementor-inner-column elementor-element elementor-element-beb3f62\" data-id=\"beb3f62\" data-element_type=\"column\">\n\t\t\t<div class=\"elementor-widget-wrap elementor-element-populated\">\n\t\t\t\t\t\t\t\t<div class=\"elementor-element elementor-element-31d6bd28 elementor-widget elementor-widget-image\" data-id=\"31d6bd28\" data-element_type=\"widget\" data-widget_type=\"image.default\">\n\t\t\t\t<div class=\"elementor-widget-container\">\n\t\t\t\t\t\t\t\t\t\t\t\t\t\t\t<img width=\"768\" height=\"1024\" src=\"https:\/\/osteotherapies.com\/wp-content\/uploads\/2025\/01\/PHOTO-2024-12-25-13-56-31-768x1024.jpg\" class=\"attachment-large size-large\" alt=\"\" loading=\"lazy\" srcset=\"https:\/\/osteotherapies.com\/wp-content\/uploads\/2025\/01\/PHOTO-2024-12-25-13-56-31-768x1023.jpg 768w, https:\/\/osteotherapies.com\/wp-content\/uploads\/2025\/01\/PHOTO-2024-12-25-13-56-31-225x300.jpg 225w, https:\/\/osteotherapies.com\/wp-content\/uploads\/2025\/01\/PHOTO-2024-12-25-13-56-31-1153x1536.jpg 1153w, https:\/\/osteotherapies.com\/wp-content\/uploads\/2025\/01\/PHOTO-2024-12-25-13-56-31.jpg 1200w\" sizes=\"(max-width: 768px) 100vw, 768px\" \/>\t\t\t\t\t\t\t\t\t\t\t\t\t\t\t<\/div>\n\t\t\t\t<\/div>\n\t\t\t\t<div class=\"elementor-element elementor-element-33aa47b5 elementor-align-center elementor-icon-list--layout-traditional elementor-list-item-link-full_width elementor-widget elementor-widget-icon-list\" data-id=\"33aa47b5\" data-element_type=\"widget\" data-widget_type=\"icon-list.default\">\n\t\t\t\t<div class=\"elementor-widget-container\">\n\t\t\t\t\t<ul class=\"elementor-icon-list-items\">\n\t\t\t\t\t\t\t<li class=\"elementor-icon-list-item\">\n\t\t\t\t\t\t\t\t\t\t<span class=\"elementor-icon-list-text\"><b>Sophie Villard<\/br>Naturopathe<\/b><\/span>\n\t\t\t\t\t\t\t\t\t<\/li>\n\t\t\t\t\t\t\t\t<li class=\"elementor-icon-list-item\">\n\t\t\t\t\t\t\t\t\t\t\t<span class=\"elementor-icon-list-icon\">\n\t\t\t\t\t\t\t<i aria-hidden=\"true\" class=\"fas fa-phone\"><\/i>\t\t\t\t\t\t<\/span>\n\t\t\t\t\t\t\t\t\t\t<span class=\"elementor-icon-list-text\">06 22 60 98 38<\/span>\n\t\t\t\t\t\t\t\t\t<\/li>\n\t\t\t\t\t\t\t\t<li class=\"elementor-icon-list-item\">\n\t\t\t\t\t\t\t\t\t\t\t<a href=\"https:\/\/sophievillardnaturo.com\" target=\"_blank\">\n\n\t\t\t\t\t\t\t\t\t\t\t\t<span class=\"elementor-icon-list-icon\">\n\t\t\t\t\t\t\t<i aria-hidden=\"true\" class=\"fas fa-link\"><\/i>\t\t\t\t\t\t<\/span>\n\t\t\t\t\t\t\t\t\t\t<span class=\"elementor-icon-list-text\">sophievillardnaturo.com<\/span>\n\t\t\t\t\t\t\t\t\t\t\t<\/a>\n\t\t\t\t\t\t\t\t\t<\/li>\n\t\t\t\t\t\t<\/ul>\n\t\t\t\t<\/div>\n\t\t\t\t<\/div>\n\t\t\t\t\t<\/div>\n\t\t<\/div>\n\t\t\t\t\t\t\t<\/div>\n\t\t<\/section>\n\t\t\t\t<section class=\"elementor-section elementor-top-section elementor-element elementor-element-2fbeb70c elementor-section-boxed elementor-section-height-default elementor-section-height-default\" data-id=\"2fbeb70c\" data-element_type=\"section\">\n\t\t\t\t\t\t<div class=\"elementor-container elementor-column-gap-default\">\n\t\t\t\t\t<div class=\"elementor-column elementor-col-100 elementor-top-column elementor-element elementor-element-1cdb56d6\" data-id=\"1cdb56d6\" data-element_type=\"column\">\n\t\t\t<div class=\"elementor-widget-wrap elementor-element-populated\">\n\t\t\t\t\t\t\t\t<div class=\"elementor-element elementor-element-7b0019f6 elementor-widget elementor-widget-menu-anchor\" data-id=\"7b0019f6\" data-element_type=\"widget\" data-widget_type=\"menu-anchor.default\">\n\t\t\t\t<div class=\"elementor-widget-container\">\n\t\t\t\t\t<div id=\"acces\" class=\"elementor-menu-anchor\"><\/div>\n\t\t\t\t<\/div>\n\t\t\t\t<\/div>\n\t\t\t\t<div class=\"elementor-element elementor-element-52d99800 elementor-widget elementor-widget-heading\" data-id=\"52d99800\" data-element_type=\"widget\" data-widget_type=\"heading.default\">\n\t\t\t\t<div class=\"elementor-widget-container\">\n\t\t\t<h2 class=\"elementor-heading-title elementor-size-default\">Access :<\/h2>\t\t<\/div>\n\t\t\t\t<\/div>\n\t\t\t\t<div class=\"elementor-element elementor-element-75f884bf elementor-widget elementor-widget-google_maps\" data-id=\"75f884bf\" data-element_type=\"widget\" data-widget_type=\"google_maps.default\">\n\t\t\t\t<div class=\"elementor-widget-container\">\n\t\t\t\t\t<div class=\"elementor-custom-embed\">\n\t\t\t<iframe frameborder=\"0\" scrolling=\"no\" marginheight=\"0\" marginwidth=\"0\"\n\t\t\t\t\tsrc=\"https:\/\/maps.google.com\/maps?q=14%20rue%20de%20l%27%C3%A9glise%2073350%20Bozel&#038;t=m&#038;z=14&#038;output=embed&#038;iwloc=near\"\n\t\t\t\t\ttitle=\"14 rue de l&#039;\u00e9glise 73350 Bozel\"\n\t\t\t\t\taria-label=\"14 rue de l&#039;\u00e9glise 73350 Bozel\"\n\t\t\t><\/iframe>\n\t\t<\/div>\n\t\t\t\t<\/div>\n\t\t\t\t<\/div>\n\t\t\t\t\t<\/div>\n\t\t<\/div>\n\t\t\t\t\t\t\t<\/div>\n\t\t<\/section>\n\t\t\t\t\t\t<\/div>\n\t\t\t\t\t<\/div>\n\t\t","protected":false},"excerpt":{"rendered":"<p>\u00a0 Our center : A wellness center open every day all year around in Bozel Our wellness centre aims to provide the community with a safe and nuturing environement in which to heal yourself and find your way to optimum health and wellness. Our team allows for a multidiciplinary approach to achieving your goals and [&#8230;]\n","protected":false},"author":1,"featured_media":0,"parent":0,"menu_order":0,"comment_status":"closed","ping_status":"closed","template":"page-transparent-header-light.php","meta":[],"yoast_head":"<!-- This site is optimized with the Yoast SEO plugin v17.0 - https:\/\/yoast.com\/wordpress\/plugins\/seo\/ -->\n<title>Home - Osteotherapies<\/title>\n<meta name=\"robots\" content=\"index, follow, max-snippet:-1, max-image-preview:large, max-video-preview:-1\" \/>\n<link rel=\"canonical\" href=\"https:\/\/osteotherapies.com\/en\/\" \/>\n<meta property=\"og:locale\" content=\"en_US\" \/>\n<meta property=\"og:type\" content=\"article\" \/>\n<meta property=\"og:title\" content=\"Home - Osteotherapies\" \/>\n<meta property=\"og:description\" content=\"\u00a0 Our center : A wellness center open every day all year around in Bozel Our wellness centre aims to provide the community with a safe and nuturing environement in which to heal yourself and find your way to optimum health and wellness. Our team allows for a multidiciplinary approach to achieving your goals and [...]\" \/>\n<meta property=\"og:url\" content=\"https:\/\/osteotherapies.com\/\" \/>\n<meta property=\"og:site_name\" content=\"Osteotherapies\" \/>\n<meta property=\"article:modified_time\" content=\"2026-05-04T11:23:24+00:00\" \/>\n<meta property=\"og:image\" content=\"https:\/\/osteotherapies.com\/wp-content\/uploads\/2020\/08\/DCB318F5-A739-4E2C-A6AA-469E75468176.jpeg\" \/>\n<meta name=\"twitter:card\" content=\"summary_large_image\" \/>\n<meta name=\"twitter:label1\" content=\"Est. reading time\" \/>\n\t<meta name=\"twitter:data1\" content=\"2 minutes\" \/>\n<script type=\"application\/ld+json\" class=\"yoast-schema-graph\">{\"@context\":\"https:\/\/schema.org\",\"@graph\":[{\"@type\":\"WebSite\",\"@id\":\"https:\/\/osteotherapies.com\/#website\",\"url\":\"https:\/\/osteotherapies.com\/\",\"name\":\"Osteotherapies\",\"description\":\"Cabinet d&#039;osteoth\\u00e9rapie\",\"potentialAction\":[{\"@type\":\"SearchAction\",\"target\":{\"@type\":\"EntryPoint\",\"urlTemplate\":\"https:\/\/osteotherapies.com\/?s={search_term_string}\"},\"query-input\":\"required name=search_term_string\"}],\"inLanguage\":\"en-US\"},{\"@type\":\"ImageObject\",\"@id\":\"https:\/\/osteotherapies.com\/#primaryimage\",\"inLanguage\":\"en-US\",\"url\":\"https:\/\/osteotherapies.com\/wp-content\/uploads\/2020\/08\/DCB318F5-A739-4E2C-A6AA-469E75468176.jpeg\",\"contentUrl\":\"https:\/\/osteotherapies.com\/wp-content\/uploads\/2020\/08\/DCB318F5-A739-4E2C-A6AA-469E75468176.jpeg\",\"width\":640,\"height\":427},{\"@type\":\"WebPage\",\"@id\":\"https:\/\/osteotherapies.com\/#webpage\",\"url\":\"https:\/\/osteotherapies.com\/\",\"name\":\"Home - Osteotherapies\",\"isPartOf\":{\"@id\":\"https:\/\/osteotherapies.com\/#website\"},\"primaryImageOfPage\":{\"@id\":\"https:\/\/osteotherapies.com\/#primaryimage\"},\"datePublished\":\"2019-10-10T20:28:10+00:00\",\"dateModified\":\"2026-05-04T11:23:24+00:00\",\"breadcrumb\":{\"@id\":\"https:\/\/osteotherapies.com\/#breadcrumb\"},\"inLanguage\":\"en-US\",\"potentialAction\":[{\"@type\":\"ReadAction\",\"target\":[\"https:\/\/osteotherapies.com\/\"]}]},{\"@type\":\"BreadcrumbList\",\"@id\":\"https:\/\/osteotherapies.com\/#breadcrumb\",\"itemListElement\":[{\"@type\":\"ListItem\",\"position\":1,\"name\":\"Accueil\",\"item\":\"https:\/\/osteotherapies.com\/\"},{\"@type\":\"ListItem\",\"position\":2,\"name\":\"Home\"}]}]}<\/script>\n<!-- \/ Yoast SEO plugin. -->","yoast_head_json":{"title":"Home - Osteotherapies","robots":{"index":"index","follow":"follow","max-snippet":"max-snippet:-1","max-image-preview":"max-image-preview:large","max-video-preview":"max-video-preview:-1"},"canonical":"https:\/\/osteotherapies.com\/en\/","og_locale":"en_US","og_type":"article","og_title":"Home - Osteotherapies","og_description":"\u00a0 Our center : A wellness center open every day all year around in Bozel Our wellness centre aims to provide the community with a safe and nuturing environement in which to heal yourself and find your way to optimum health and wellness. Our team allows for a multidiciplinary approach to achieving your goals and [...]","og_url":"https:\/\/osteotherapies.com\/","og_site_name":"Osteotherapies","article_modified_time":"2026-05-04T11:23:24+00:00","og_image":[{"url":"https:\/\/osteotherapies.com\/wp-content\/uploads\/2020\/08\/DCB318F5-A739-4E2C-A6AA-469E75468176.jpeg"}],"twitter_card":"summary_large_image","twitter_misc":{"Est. reading time":"2 minutes"},"schema":{"@context":"https:\/\/schema.org","@graph":[{"@type":"WebSite","@id":"https:\/\/osteotherapies.com\/#website","url":"https:\/\/osteotherapies.com\/","name":"Osteotherapies","description":"Cabinet d&#039;osteoth\u00e9rapie","potentialAction":[{"@type":"SearchAction","target":{"@type":"EntryPoint","urlTemplate":"https:\/\/osteotherapies.com\/?s={search_term_string}"},"query-input":"required name=search_term_string"}],"inLanguage":"en-US"},{"@type":"ImageObject","@id":"https:\/\/osteotherapies.com\/#primaryimage","inLanguage":"en-US","url":"https:\/\/osteotherapies.com\/wp-content\/uploads\/2020\/08\/DCB318F5-A739-4E2C-A6AA-469E75468176.jpeg","contentUrl":"https:\/\/osteotherapies.com\/wp-content\/uploads\/2020\/08\/DCB318F5-A739-4E2C-A6AA-469E75468176.jpeg","width":640,"height":427},{"@type":"WebPage","@id":"https:\/\/osteotherapies.com\/#webpage","url":"https:\/\/osteotherapies.com\/","name":"Home - Osteotherapies","isPartOf":{"@id":"https:\/\/osteotherapies.com\/#website"},"primaryImageOfPage":{"@id":"https:\/\/osteotherapies.com\/#primaryimage"},"datePublished":"2019-10-10T20:28:10+00:00","dateModified":"2026-05-04T11:23:24+00:00","breadcrumb":{"@id":"https:\/\/osteotherapies.com\/#breadcrumb"},"inLanguage":"en-US","potentialAction":[{"@type":"ReadAction","target":["https:\/\/osteotherapies.com\/"]}]},{"@type":"BreadcrumbList","@id":"https:\/\/osteotherapies.com\/#breadcrumb","itemListElement":[{"@type":"ListItem","position":1,"name":"Accueil","item":"https:\/\/osteotherapies.com\/"},{"@type":"ListItem","position":2,"name":"Home"}]}]}},"_links":{"self":[{"href":"https:\/\/osteotherapies.com\/en\/wp-json\/wp\/v2\/pages\/57"}],"collection":[{"href":"https:\/\/osteotherapies.com\/en\/wp-json\/wp\/v2\/pages"}],"about":[{"href":"https:\/\/osteotherapies.com\/en\/wp-json\/wp\/v2\/types\/page"}],"author":[{"embeddable":true,"href":"https:\/\/osteotherapies.com\/en\/wp-json\/wp\/v2\/users\/1"}],"replies":[{"embeddable":true,"href":"https:\/\/osteotherapies.com\/en\/wp-json\/wp\/v2\/comments?post=57"}],"version-history":[{"count":52,"href":"https:\/\/osteotherapies.com\/en\/wp-json\/wp\/v2\/pages\/57\/revisions"}],"predecessor-version":[{"id":287,"href":"https:\/\/osteotherapies.com\/en\/wp-json\/wp\/v2\/pages\/57\/revisions\/287"}],"wp:attachment":[{"href":"https:\/\/osteotherapies.com\/en\/wp-json\/wp\/v2\/media?parent=57"}],"curies":[{"name":"wp","href":"https:\/\/api.w.org\/{rel}","templated":true}]}}